{"id":63,"date":"2019-02-04T20:05:20","date_gmt":"2019-02-04T20:05:20","guid":{"rendered":"http:\/\/clubvosgien.com\/?page_id=63"},"modified":"2019-03-09T19:23:31","modified_gmt":"2019-03-09T18:23:31","slug":"histoire","status":"publish","type":"page","link":"https:\/\/clubvosgien-lapetitepierre.com\/index.php\/histoire\/","title":{"rendered":"Association"},"content":{"rendered":"\r\n<p class=\"has-medium-font-size\"><strong>Histoire du Club<\/strong>\r\n<strong>Vosgien de LA PETITE PIERRE<\/strong><\/p>\r\n<strong><\/strong>\r\n\r\n<strong><\/strong>\r\n<p class=\"has-medium-font-size\"><strong>Le Club Vosgien a \u00e9t\u00e9 cr\u00e9\u00e9e en 1872 \u00e0<\/strong>\r\n<strong>Saverne par Richard Stieve, juge au Tribunal de Saverne.<\/strong><\/p>\r\n<strong><\/strong>\r\n\r\n<strong><\/strong>\r\n<p class=\"has-medium-font-size\"><strong>En 1881 c\u2019est \u00e0 La Petite Pierre qu\u2019une<\/strong>\r\n<strong>section voit le jour, ceci \u00e0 l\u2019initiative du notaire Adam.<\/strong><\/p>\r\n<strong><\/strong>\r\n\r\n<strong><\/strong>\r\n<p class=\"has-medium-font-size\"><strong>Le club ne compte en ce temps-l\u00e0 que huit<\/strong>\r\n<strong>membres, il v\u00e9g\u00e8te durant deux ans au terme desquels les adeptes<\/strong>\r\n<strong>rejoignent la section de Saverne. Il est \u00e0 supposer qu\u2019au d\u00e9but<\/strong>\r\n<strong>ce ne sont que quelques notables qui forment le groupe, l\u2019agriculteur<\/strong>\r\n<strong>ou l\u2019ouvrier n\u2019ayant pas de temps \u00e0 consacrer \u00e0 ces loisirs. La<\/strong>\r\n<strong>section \u00ab\u00a0L\u00fctzelstein\u00a0\u00bb rena\u00eet en 1894 avec, durant<\/strong>\r\n<strong>deux ans, comme pr\u00e9sident le juge de paix \u00ab\u00a0Amtsrichter\u00a0\u00bb<\/strong>\r\n<strong>Ziese.<\/strong><\/p>\r\n<strong><\/strong>\r\n\r\n<strong><\/strong>\r\n<p class=\"has-medium-font-size\"><strong>Ensuite se succ\u00e8dent \u00e0 la t\u00eate du club les<\/strong>\r\n<strong>juges de paix Schmidt-Ernsthausen (1896-1901), Wolf (1902-1907) et<\/strong>\r\n<strong>Finck (1908-1910)\u00a0; l\u2019ing\u00e9nieur des Eaux et For\u00eats<\/strong>\r\n<strong>(Oberf\u00f6rster) prend la rel\u00e8ve jusqu\u2019en 1914. Apr\u00e8s les<\/strong>\r\n<strong>hostilit\u00e9s (1914-1918), la reprise du flambeau est assur\u00e9e par le<\/strong>\r\n<strong>conservateur des Eaux et For\u00eats Villenave (1920-1924), le juge<\/strong>\r\n<strong>Epitalba (1925-1930), le notaire Erbes (1931-1939), le greffier Frey<\/strong>\r\n<strong>(1945-1955), le percepteur Jost (1956-1962) et le notaire Nickl\u00e8s<\/strong>\r\n<strong>(1963-1966). L\u00e0 le retrait\u00e9 Geoffroy Schouver prend le relais pour<\/strong>\r\n<strong>une longue p\u00e9riode (1967-1982). Il est suivi par Mme Lise<\/strong>\r\n<strong>Haudenschild jusqu\u2019en 1992 qui c\u00e9da le poste \u00e0 Georges Feinthel,<\/strong>\r\n<strong>actuel pr\u00e9sident d\u2019honneur qui lui-m\u00eame a c\u00e9d\u00e9 la pr\u00e9sidence \u00e0<\/strong>\r\n<strong>Christophe Guillaume en 2018<\/strong><\/p>\r\n<strong><\/strong>\r\n\r\n<strong><\/strong>\r\n<p class=\"has-medium-font-size\"><strong>Le 26 mars 2006 la section de La Petite Pierre f\u00eat\u00e9 son 125<sup>e<\/sup> anniversaire\u2026.<\/strong><\/p>\r\n<strong><\/strong>\r\n\r\n<strong><\/strong>\r\n<div class=\"wp-block-image\">\r\n<figure class=\"aligncenter is-resized\"><strong><img loading=\"lazy\" decoding=\"async\" class=\"alignnone wp-image-214\" src=\"https:\/\/clubvosgien-lapetitepierre.com\/wp-content\/uploads\/2019\/02\/Rocher-des-Pa\u00efens-300x225.jpg\" alt=\"\" width=\"458\" height=\"344\" srcset=\"https:\/\/clubvosgien-lapetitepierre.com\/wp-content\/uploads\/2019\/02\/Rocher-des-Pa\u00efens-300x225.jpg 300w, https:\/\/clubvosgien-lapetitepierre.com\/wp-content\/uploads\/2019\/02\/Rocher-des-Pa\u00efens-768x576.jpg 768w, https:\/\/clubvosgien-lapetitepierre.com\/wp-content\/uploads\/2019\/02\/Rocher-des-Pa\u00efens-1024x768.jpg 1024w, https:\/\/clubvosgien-lapetitepierre.com\/wp-content\/uploads\/2019\/02\/Rocher-des-Pa\u00efens-120x90.jpg 120w, https:\/\/clubvosgien-lapetitepierre.com\/wp-content\/uploads\/2019\/02\/Rocher-des-Pa\u00efens.jpg 1828w\" sizes=\"(max-width: 458px) 100vw, 458px\" \/><\/strong><\/figure>\r\n<\/div>\r\n","protected":false},"excerpt":{"rendered":"<p>Histoire du Club Vosgien de LA PETITE PIERRE Le Club Vosgien a \u00e9t\u00e9 cr\u00e9\u00e9e en 1872 \u00e0 Saverne par Richard Stieve, juge au Tribunal de Saverne. En 1881 c\u2019est \u00e0 La Petite Pierre qu\u2019une section voit le jour, ceci \u00e0 l\u2019initiative du notaire Adam. Le club ne compte en ce temps-l\u00e0 que huit membres, il&hellip;<\/p>\n","protected":false},"author":1,"featured_media":0,"parent":0,"menu_order":2,"comment_status":"closed","ping_status":"closed","template":"","meta":{"footnotes":""},"_links":{"self":[{"href":"https:\/\/clubvosgien-lapetitepierre.com\/index.php\/wp-json\/wp\/v2\/pages\/63"}],"collection":[{"href":"https:\/\/clubvosgien-lapetitepierre.com\/index.php\/wp-json\/wp\/v2\/pages"}],"about":[{"href":"https:\/\/clubvosgien-lapetitepierre.com\/index.php\/wp-json\/wp\/v2\/types\/page"}],"author":[{"embeddable":true,"href":"https:\/\/clubvosgien-lapetitepierre.com\/index.php\/wp-json\/wp\/v2\/users\/1"}],"replies":[{"embeddable":true,"href":"https:\/\/clubvosgien-lapetitepierre.com\/index.php\/wp-json\/wp\/v2\/comments?post=63"}],"version-history":[{"count":3,"href":"https:\/\/clubvosgien-lapetitepierre.com\/index.php\/wp-json\/wp\/v2\/pages\/63\/revisions"}],"predecessor-version":[{"id":322,"href":"https:\/\/clubvosgien-lapetitepierre.com\/index.php\/wp-json\/wp\/v2\/pages\/63\/revisions\/322"}],"wp:attachment":[{"href":"https:\/\/clubvosgien-lapetitepierre.com\/index.php\/wp-json\/wp\/v2\/media?parent=63"}],"curies":[{"name":"wp","href":"https:\/\/api.w.org\/{rel}","templated":true}]}}