{"id":60,"date":"2019-02-04T20:05:04","date_gmt":"2019-02-04T20:05:04","guid":{"rendered":"http:\/\/clubvosgien.com\/?page_id=60"},"modified":"2026-04-16T10:36:35","modified_gmt":"2026-04-16T08:36:35","slug":"le-comite","status":"publish","type":"page","link":"https:\/\/clubvosgien-lapetitepierre.com\/index.php\/le-comite\/","title":{"rendered":"Le Comit\u00e9"},"content":{"rendered":"\n<p class=\"has-medium-font-size\"><\/p>\n\n\n\n<p class=\"has-medium-font-size\"><\/p>\n\n\n\n<p><strong>GUILLAUME Christophe,\u00a0Pr\u00e9sident<\/strong><\/p>\n\n\n\n<p class=\"has-medium-font-size\"><\/p>\n\n\n<p><strong>LUPFER St\u00e8ve, Vice-Pr\u00e9sident<\/strong><\/p>\n<p><strong>LANG Eric, Tr\u00e9sorier<\/strong><\/p>\n<p><strong>STROBEL Oc\u00e9ane, Secr\u00e9taire<\/strong><\/p>\n<p><strong>ULBRICH David, Inspecteur des sentiers<\/strong><\/p>\n<p><strong>ZIMMERMANN Eric, Inspecteur des sentiers adjoint<\/strong><\/p>\n<p>\u00a0<\/p>\n<p><strong>GOERICH Thomas<\/strong><\/p>\n<p><strong>DIVINE Ren\u00e9e<\/strong><\/p>\n<p><strong>BREHM Jean-Louis<\/strong><\/p>\n<p><strong>MEDER Aloyse<\/strong><\/p>\n<p><strong>MEDER Martine<\/strong><\/p>\n\n\n<figure class=\"wp-block-gallery has-nested-images columns-default is-cropped wp-block-gallery-1 is-layout-flex wp-block-gallery-is-layout-flex\">\n<figure class=\"wp-block-image size-large\"><img loading=\"lazy\" decoding=\"async\" width=\"1024\" height=\"768\" data-id=\"1515\" src=\"https:\/\/clubvosgien-lapetitepierre.com\/wp-content\/uploads\/2026\/04\/20260415_220053-1024x768.jpg\" alt=\"\" class=\"wp-image-1515\" srcset=\"https:\/\/clubvosgien-lapetitepierre.com\/wp-content\/uploads\/2026\/04\/20260415_220053-1024x768.jpg 1024w, https:\/\/clubvosgien-lapetitepierre.com\/wp-content\/uploads\/2026\/04\/20260415_220053-300x225.jpg 300w, https:\/\/clubvosgien-lapetitepierre.com\/wp-content\/uploads\/2026\/04\/20260415_220053-768x576.jpg 768w, https:\/\/clubvosgien-lapetitepierre.com\/wp-content\/uploads\/2026\/04\/20260415_220053-1536x1152.jpg 1536w, https:\/\/clubvosgien-lapetitepierre.com\/wp-content\/uploads\/2026\/04\/20260415_220053-2048x1536.jpg 2048w, https:\/\/clubvosgien-lapetitepierre.com\/wp-content\/uploads\/2026\/04\/20260415_220053-120x90.jpg 120w\" sizes=\"(max-width: 1024px) 100vw, 1024px\" \/><\/figure>\n<\/figure>\n","protected":false},"excerpt":{"rendered":"<p>GUILLAUME Christophe,\u00a0Pr\u00e9sident LUPFER St\u00e8ve, Vice-Pr\u00e9sident LANG Eric, Tr\u00e9sorier STROBEL Oc\u00e9ane, Secr\u00e9taire ULBRICH David, Inspecteur des sentiers ZIMMERMANN Eric, Inspecteur des sentiers adjoint \u00a0 GOERICH Thomas DIVINE Ren\u00e9e BREHM Jean-Louis MEDER Aloyse MEDER Martine<\/p>\n","protected":false},"author":1,"featured_media":0,"parent":0,"menu_order":1,"comment_status":"closed","ping_status":"closed","template":"","meta":{"footnotes":""},"_links":{"self":[{"href":"https:\/\/clubvosgien-lapetitepierre.com\/index.php\/wp-json\/wp\/v2\/pages\/60"}],"collection":[{"href":"https:\/\/clubvosgien-lapetitepierre.com\/index.php\/wp-json\/wp\/v2\/pages"}],"about":[{"href":"https:\/\/clubvosgien-lapetitepierre.com\/index.php\/wp-json\/wp\/v2\/types\/page"}],"author":[{"embeddable":true,"href":"https:\/\/clubvosgien-lapetitepierre.com\/index.php\/wp-json\/wp\/v2\/users\/1"}],"replies":[{"embeddable":true,"href":"https:\/\/clubvosgien-lapetitepierre.com\/index.php\/wp-json\/wp\/v2\/comments?post=60"}],"version-history":[{"count":32,"href":"https:\/\/clubvosgien-lapetitepierre.com\/index.php\/wp-json\/wp\/v2\/pages\/60\/revisions"}],"predecessor-version":[{"id":1517,"href":"https:\/\/clubvosgien-lapetitepierre.com\/index.php\/wp-json\/wp\/v2\/pages\/60\/revisions\/1517"}],"wp:attachment":[{"href":"https:\/\/clubvosgien-lapetitepierre.com\/index.php\/wp-json\/wp\/v2\/media?parent=60"}],"curies":[{"name":"wp","href":"https:\/\/api.w.org\/{rel}","templated":true}]}}