{"id":406,"date":"2019-03-10T12:19:10","date_gmt":"2019-03-10T11:19:10","guid":{"rendered":"http:\/\/clubvosgien-lapetitepierre.com\/?page_id=406"},"modified":"2019-03-10T12:19:10","modified_gmt":"2019-03-10T11:19:10","slug":"mentions-legales","status":"publish","type":"page","link":"https:\/\/clubvosgien-lapetitepierre.com\/index.php\/mentions-legales\/","title":{"rendered":"Mentions l\u00e9gales"},"content":{"rendered":"<p style=\"font-weight: 400;\"><strong>Editeur du site internet\u00a0:<\/strong><\/p>\n<p style=\"font-weight: 400;\">\n<p style=\"font-weight: 400;\">Club Vosgien de La petite-Pierre<\/p>\n<p style=\"font-weight: 400;\">Site internet r\u00e9alis\u00e9 pour l&rsquo;association.<\/p>\n<p style=\"font-weight: 400;\"><strong>Hebergement:<\/strong><\/p>\n<p>Ovh<\/p>\n<p style=\"font-weight: 400;\"><strong>Cr\u00e9ation du site\u00a0:<\/strong><\/p>\n<p>METZGER Paul\u00a0 \u00a0Fonction: Administrateur<\/p>\n<p>METZGER Catherine Fonction: R\u00e9dactrice<\/p>\n<p>VOLKRINGER Michel Fonction: R\u00e9dacteur<\/p>\n","protected":false},"excerpt":{"rendered":"<p>Editeur du site internet\u00a0: Club Vosgien de La petite-Pierre Site internet r\u00e9alis\u00e9 pour l&rsquo;association. Hebergement: Ovh Cr\u00e9ation du site\u00a0: METZGER Paul\u00a0 \u00a0Fonction: Administrateur METZGER Catherine Fonction: R\u00e9dactrice VOLKRINGER Michel Fonction: R\u00e9dacteur<\/p>\n","protected":false},"author":1,"featured_media":0,"parent":0,"menu_order":0,"comment_status":"closed","ping_status":"closed","template":"","meta":{"footnotes":""},"_links":{"self":[{"href":"https:\/\/clubvosgien-lapetitepierre.com\/index.php\/wp-json\/wp\/v2\/pages\/406"}],"collection":[{"href":"https:\/\/clubvosgien-lapetitepierre.com\/index.php\/wp-json\/wp\/v2\/pages"}],"about":[{"href":"https:\/\/clubvosgien-lapetitepierre.com\/index.php\/wp-json\/wp\/v2\/types\/page"}],"author":[{"embeddable":true,"href":"https:\/\/clubvosgien-lapetitepierre.com\/index.php\/wp-json\/wp\/v2\/users\/1"}],"replies":[{"embeddable":true,"href":"https:\/\/clubvosgien-lapetitepierre.com\/index.php\/wp-json\/wp\/v2\/comments?post=406"}],"version-history":[{"count":1,"href":"https:\/\/clubvosgien-lapetitepierre.com\/index.php\/wp-json\/wp\/v2\/pages\/406\/revisions"}],"predecessor-version":[{"id":407,"href":"https:\/\/clubvosgien-lapetitepierre.com\/index.php\/wp-json\/wp\/v2\/pages\/406\/revisions\/407"}],"wp:attachment":[{"href":"https:\/\/clubvosgien-lapetitepierre.com\/index.php\/wp-json\/wp\/v2\/media?parent=406"}],"curies":[{"name":"wp","href":"https:\/\/api.w.org\/{rel}","templated":true}]}}