{"id":342,"date":"2019-03-10T09:09:18","date_gmt":"2019-03-10T08:09:18","guid":{"rendered":"http:\/\/clubvosgien-lapetitepierre.com\/?page_id=342"},"modified":"2019-03-10T13:48:39","modified_gmt":"2019-03-10T12:48:39","slug":"sentier-des-3-rochers","status":"publish","type":"page","link":"https:\/\/clubvosgien-lapetitepierre.com\/index.php\/sentier-des-3-rochers\/","title":{"rendered":"Sentier des 3 rochers"},"content":{"rendered":"<p>Ce circuit vous fera d\u00e9couvrir les trois rochers qui entourent La Petite Pierre :<\/p>\n<p>t\u00e9l\u00e9chargez le parcours : <a href=\"https:\/\/clubvosgien-lapetitepierre.com\/wp-content\/uploads\/2019\/03\/Sentier-des-Trois-Rochers.pdf\">Sentier des Trois Rochers<\/a><\/p>\n<p>&nbsp;<\/p>\n<p><span style=\"color: #008000;\"><strong>Le saviez-vous ?<\/strong><\/span><\/p>\n<p>Les rochers sont un \u00e9l\u00e9ment caract\u00e9ristique du massif vosgien. Vari\u00e9s par leur origine g\u00e9ologique, leurs couleurs et leurs formes, leurs noms t\u00e9moignent de l&rsquo;imagination et du don d\u2019observation dont ont fait preuve nos anc\u00eatres : animaux, situation, forme, noms de personnes, noms de fleurs, nom tir\u00e9s de l&rsquo;histoire&#8230; A en croire la l\u00e9gende, c&rsquo;est sur le Rocher des Pa\u00efens que les Celtes c\u00e9l\u00e9braient leur culte.<\/p>\n<p><img loading=\"lazy\" decoding=\"async\" class=\"alignnone size-medium wp-image-413\" src=\"https:\/\/clubvosgien-lapetitepierre.com\/wp-content\/uploads\/2019\/03\/rocher-300x183.jpg\" alt=\"\" width=\"300\" height=\"183\" srcset=\"https:\/\/clubvosgien-lapetitepierre.com\/wp-content\/uploads\/2019\/03\/rocher-300x183.jpg 300w, https:\/\/clubvosgien-lapetitepierre.com\/wp-content\/uploads\/2019\/03\/rocher.jpg 600w\" sizes=\"(max-width: 300px) 100vw, 300px\" \/><\/p>\n","protected":false},"excerpt":{"rendered":"<p>Ce circuit vous fera d\u00e9couvrir les trois rochers qui entourent La Petite Pierre : t\u00e9l\u00e9chargez le parcours : Sentier des Trois Rochers &nbsp; Le saviez-vous ? Les rochers sont un \u00e9l\u00e9ment caract\u00e9ristique du massif vosgien. Vari\u00e9s par leur origine g\u00e9ologique, leurs couleurs et leurs formes, leurs noms t\u00e9moignent de l&rsquo;imagination et du don d\u2019observation dont&hellip;<\/p>\n","protected":false},"author":1,"featured_media":0,"parent":0,"menu_order":0,"comment_status":"closed","ping_status":"closed","template":"","meta":{"footnotes":""},"_links":{"self":[{"href":"https:\/\/clubvosgien-lapetitepierre.com\/index.php\/wp-json\/wp\/v2\/pages\/342"}],"collection":[{"href":"https:\/\/clubvosgien-lapetitepierre.com\/index.php\/wp-json\/wp\/v2\/pages"}],"about":[{"href":"https:\/\/clubvosgien-lapetitepierre.com\/index.php\/wp-json\/wp\/v2\/types\/page"}],"author":[{"embeddable":true,"href":"https:\/\/clubvosgien-lapetitepierre.com\/index.php\/wp-json\/wp\/v2\/users\/1"}],"replies":[{"embeddable":true,"href":"https:\/\/clubvosgien-lapetitepierre.com\/index.php\/wp-json\/wp\/v2\/comments?post=342"}],"version-history":[{"count":7,"href":"https:\/\/clubvosgien-lapetitepierre.com\/index.php\/wp-json\/wp\/v2\/pages\/342\/revisions"}],"predecessor-version":[{"id":414,"href":"https:\/\/clubvosgien-lapetitepierre.com\/index.php\/wp-json\/wp\/v2\/pages\/342\/revisions\/414"}],"wp:attachment":[{"href":"https:\/\/clubvosgien-lapetitepierre.com\/index.php\/wp-json\/wp\/v2\/media?parent=342"}],"curies":[{"name":"wp","href":"https:\/\/api.w.org\/{rel}","templated":true}]}}