{"id":340,"date":"2019-03-10T09:09:18","date_gmt":"2019-03-10T08:09:18","guid":{"rendered":"http:\/\/clubvosgien-lapetitepierre.com\/?page_id=340"},"modified":"2019-03-10T15:29:27","modified_gmt":"2019-03-10T14:29:27","slug":"sentiers-rene-char","status":"publish","type":"page","link":"https:\/\/clubvosgien-lapetitepierre.com\/index.php\/sentiers-rene-char\/","title":{"rendered":"Sentiers Ren\u00e9 char"},"content":{"rendered":"<p>&nbsp;<\/p>\n<p style=\"text-align: center;\"><strong>Sentier po\u00e9tique Ren\u00e9 Char<\/strong><\/p>\n<p><strong><em><img loading=\"lazy\" decoding=\"async\" class=\"size-medium wp-image-210 alignleft\" src=\"https:\/\/clubvosgien-lapetitepierre.com\/wp-content\/uploads\/2019\/02\/20151004_145805-e1550418065868-169x300.jpg\" alt=\"\" width=\"169\" height=\"300\" srcset=\"https:\/\/clubvosgien-lapetitepierre.com\/wp-content\/uploads\/2019\/02\/20151004_145805-e1550418065868-169x300.jpg 169w, https:\/\/clubvosgien-lapetitepierre.com\/wp-content\/uploads\/2019\/02\/20151004_145805-e1550418065868-768x1365.jpg 768w, https:\/\/clubvosgien-lapetitepierre.com\/wp-content\/uploads\/2019\/02\/20151004_145805-e1550418065868-576x1024.jpg 576w, https:\/\/clubvosgien-lapetitepierre.com\/wp-content\/uploads\/2019\/02\/20151004_145805-e1550418065868.jpg 1836w\" sizes=\"(max-width: 169px) 100vw, 169px\" \/>Ren\u00e9 Char, po\u00e8te du XXe si\u00e8cle, est n\u00e9 en 1907 \u00e0 l&rsquo;Isle sur la Sorgue, il est mort en 1988. Pendant l&rsquo;hiver 1939-1940, durant ce que l&rsquo;on appelait \u00ab\u00a0la dr\u00f4le de guerre\u00a0\u00bb, il \u00e9tait stationn\u00e9 dans notre r\u00e9gion. Ainsi, de ses cantonnements successifs sur les hauteurs de Hinsbourg, Petersbach et Struth, il aimait se rendre en contrebas \u00e0 l&rsquo;auberge foresti\u00e8re de l&rsquo;\u00e9tang du Donnenbach. Apr\u00e8s sa d\u00e9mobilisation il entra dans la r\u00e9sistance sous le pseudonyme de \u00ab\u00a0Capitaine Alexandre\u00a0\u00bb.<\/em><\/strong><\/p>\n<p><strong><em>C&rsquo;est pour comm\u00e9morer le centi\u00e8me anniversaire de sa naissance qu&rsquo;est n\u00e9, en 2007, le sentier \u00a0\u00bb Ren\u00e9 Char\u00a0\u00bb L&rsquo;initiative en revient \u00e0 l&rsquo;association strasbourgeoise \u00ab\u00a0Passages\u00a0\u00bb avec le soutien entre autres du Parc R\u00e9gional des Vosges du Nord, de la communaut\u00e9 des communes du pays de La Petite Pierre ainsi que du soutien logistique du Club Vosgien de La Petite Pierre.<\/em><\/strong><\/p>\n<p><span style=\"font-size: 14pt;\"><strong><em>Le sentier po\u00e9tique fl\u00e9ch\u00e9 et balis\u00e9 par le Club Vosgien emprunte en partie un itin\u00e9raire pr\u00e9existant. T\u00e9l\u00e9chargez le parcours complet :<\/em><\/strong><\/span><\/p>\n<p style=\"text-align: center;\"><span style=\"font-size: 14pt;\"><strong><em>\u00a0 <\/em><\/strong><a href=\"https:\/\/clubvosgien-lapetitepierre.com\/wp-content\/uploads\/2019\/03\/Sentier-Ren\u00e9-Char-1.pdf\">Sentier Ren\u00e9 Char<\/a><\/span><\/p>\n","protected":false},"excerpt":{"rendered":"<p>&nbsp; Sentier po\u00e9tique Ren\u00e9 Char Ren\u00e9 Char, po\u00e8te du XXe si\u00e8cle, est n\u00e9 en 1907 \u00e0 l&rsquo;Isle sur la Sorgue, il est mort en 1988. Pendant l&rsquo;hiver 1939-1940, durant ce que l&rsquo;on appelait \u00ab\u00a0la dr\u00f4le de guerre\u00a0\u00bb, il \u00e9tait stationn\u00e9 dans notre r\u00e9gion. Ainsi, de ses cantonnements successifs sur les hauteurs de Hinsbourg, Petersbach et&hellip;<\/p>\n","protected":false},"author":1,"featured_media":0,"parent":0,"menu_order":0,"comment_status":"closed","ping_status":"closed","template":"","meta":{"footnotes":""},"_links":{"self":[{"href":"https:\/\/clubvosgien-lapetitepierre.com\/index.php\/wp-json\/wp\/v2\/pages\/340"}],"collection":[{"href":"https:\/\/clubvosgien-lapetitepierre.com\/index.php\/wp-json\/wp\/v2\/pages"}],"about":[{"href":"https:\/\/clubvosgien-lapetitepierre.com\/index.php\/wp-json\/wp\/v2\/types\/page"}],"author":[{"embeddable":true,"href":"https:\/\/clubvosgien-lapetitepierre.com\/index.php\/wp-json\/wp\/v2\/users\/1"}],"replies":[{"embeddable":true,"href":"https:\/\/clubvosgien-lapetitepierre.com\/index.php\/wp-json\/wp\/v2\/comments?post=340"}],"version-history":[{"count":6,"href":"https:\/\/clubvosgien-lapetitepierre.com\/index.php\/wp-json\/wp\/v2\/pages\/340\/revisions"}],"predecessor-version":[{"id":437,"href":"https:\/\/clubvosgien-lapetitepierre.com\/index.php\/wp-json\/wp\/v2\/pages\/340\/revisions\/437"}],"wp:attachment":[{"href":"https:\/\/clubvosgien-lapetitepierre.com\/index.php\/wp-json\/wp\/v2\/media?parent=340"}],"curies":[{"name":"wp","href":"https:\/\/api.w.org\/{rel}","templated":true}]}}