{"id":323,"date":"2019-03-09T19:26:44","date_gmt":"2019-03-09T18:26:44","guid":{"rendered":"http:\/\/clubvosgien-lapetitepierre.com\/?page_id=323"},"modified":"2019-04-11T17:18:40","modified_gmt":"2019-04-11T15:18:40","slug":"sentiers","status":"publish","type":"page","link":"https:\/\/clubvosgien-lapetitepierre.com\/index.php\/sentiers\/","title":{"rendered":"Sentiers"},"content":{"rendered":"<p><span style=\"font-size: 14pt; color: #008000;\"><strong><em>\u00a0<\/em><\/strong><strong><em> 17 circuits p\u00e9destres <\/em><\/strong><strong><em>( 230 km )<\/em><\/strong><strong><em> \u2026<\/em><\/strong><\/span><\/p>\n<p>Circuits balis\u00e9s qui jalonnent les sites patrimoniaux, curiosit\u00e9s et attraits touristiques de La Petite Pierre et des environs, circuits dont chacun a sa th\u00e9matique bien propre et sp\u00e9cifique.<\/p>\n<p>Marcheurs et v\u00e9t\u00e9tistes se respectent mutuellement dans un cadre pittoresque et authentique, loin de toute agitation. D\u00e9butants et initi\u00e9s, enfants et adultes, habitants et touristes \u2026 tous sont invit\u00e9s \u00e0 emprunter ces itin\u00e9raires.<\/p>\n<p style=\"text-align: center;\"><strong><em>Topo-guides et renseignements \u00e0 <\/em>L\u2019Office de Tourisme Intercommunal\u00a0\u00a0 Hanau &#8211; La Petite Pierre\u00a0<\/strong><\/p>\n<p style=\"text-align: center;\"><strong> 2 a, Rue du Ch\u00e2teau <\/strong><strong>67290 LA PETITE PIERRE<\/strong><\/p>\n<p style=\"text-align: center;\"><strong>T\u00e9l. 03 88 70 42 30\u00a0\u00a0 &#8211;\u00a0 Fax 03 88 70 41 08<\/strong><\/p>\n<h4 style=\"text-align: center;\">Mail\u00a0 <a href=\"mailto:tourisme@hanau-lapetitepierre.alsace\">tourisme@hanau-lapetitepierre.alsace<\/a><\/h4>\n<h4 style=\"text-align: center;\"><em>Site WEB\u00a0: <\/em><a href=\"http:\/\/www.ot-paysdelapetitepierre.com\/\"><strong><em>www.ot-paysdelapetitepierre.com<\/em><\/strong><\/a><\/h4>\n<table style=\"width: 694px; height: 432px;\">\n<tbody>\n<tr style=\"height: 24px;\">\n<td style=\"width: 433.633px; height: 24px; text-align: center;\"><strong>Nom du Circuit<\/strong><\/td>\n<td style=\"width: 132.2px; height: 24px; text-align: center;\"><strong>Longueur<\/strong><\/td>\n<td style=\"width: 106.167px; height: 24px; text-align: center;\"><strong>Dur\u00e9e<\/strong><\/td>\n<\/tr>\n<tr style=\"height: 24px;\">\n<td style=\"width: 433.633px; height: 24px;\">Le sentier forestier du Loosthal<\/td>\n<td style=\"width: 132.2px; height: 24px; text-align: center;\">\u00a04\u00a0\u00a0\u00a0 km<\/td>\n<td style=\"width: 106.167px; height: 24px; text-align: center;\">2 h<\/td>\n<\/tr>\n<tr style=\"height: 24px;\">\n<td style=\"width: 433.633px; height: 24px;\">Le sentier des Trois Rochers<\/td>\n<td style=\"width: 132.2px; height: 24px; text-align: center;\">9\u00a0\u00a0\u00a0 km<\/td>\n<td style=\"width: 106.167px; height: 24px; text-align: center;\">3 h<\/td>\n<\/tr>\n<tr style=\"height: 24px;\">\n<td style=\"width: 433.633px; height: 24px;\">Le sentier du Ch\u00e2teau du Hunebourg<\/td>\n<td style=\"width: 132.2px; height: 24px; text-align: center;\">10\u00a0\u00a0\u00a0 km<\/td>\n<td style=\"width: 106.167px; height: 24px; text-align: center;\">3 h 30<\/td>\n<\/tr>\n<tr style=\"height: 24px;\">\n<td style=\"width: 433.633px; height: 24px;\">Le sentier po\u00e9tique Ren\u00e9 CHAR<\/td>\n<td style=\"width: 132.2px; height: 24px; text-align: center;\">11\u00a0\u00a0\u00a0 km<\/td>\n<td style=\"width: 106.167px; height: 24px; text-align: center;\">3 h 30<\/td>\n<\/tr>\n<tr style=\"height: 24px;\">\n<td style=\"width: 433.633px; height: 24px;\">Le sentier des Maisons des Rochers<\/td>\n<td style=\"width: 132.2px; height: 24px; text-align: center;\">17\u00a0\u00a0\u00a0 km<\/td>\n<td style=\"width: 106.167px; height: 24px; text-align: center;\">5 h<\/td>\n<\/tr>\n<tr style=\"height: 24px;\">\n<td style=\"width: 433.633px; height: 24px;\">Le sentier des Douze Sources<\/td>\n<td style=\"width: 132.2px; height: 24px; text-align: center;\">15\u00a0\u00a0\u00a0 km<\/td>\n<td style=\"width: 106.167px; height: 24px; text-align: center;\">5 h<\/td>\n<\/tr>\n<tr style=\"height: 24px;\">\n<td style=\"width: 433.633px; height: 24px;\">Le sentier du Facteur<\/td>\n<td style=\"width: 132.2px; height: 24px; text-align: center;\">16\u00a0\u00a0\u00a0 km<\/td>\n<td style=\"width: 106.167px; height: 24px; text-align: center;\">5 h 30<\/td>\n<\/tr>\n<tr style=\"height: 24px;\">\n<td style=\"width: 433.633px; height: 24px;\">Le sentier du Gr\u00e8s<\/td>\n<td style=\"width: 132.2px; height: 24px; text-align: center;\">35\u00a0\u00a0\u00a0 km<\/td>\n<td style=\"width: 106.167px; height: 24px; text-align: center;\">2 jours<\/td>\n<\/tr>\n<tr style=\"height: 24px;\">\n<td style=\"width: 433.633px; height: 24px;\">Le sentier de Reipertswiller<\/td>\n<td style=\"width: 132.2px; height: 24px; text-align: center;\">20\u00a0\u00a0 km<\/td>\n<td style=\"width: 106.167px; height: 24px; text-align: center;\">5 h<\/td>\n<\/tr>\n<tr style=\"height: 24px;\">\n<td style=\"width: 433.633px; height: 24px;\">Le circuit des Verriers<\/td>\n<td style=\"width: 132.2px; height: 24px; text-align: center;\">8,5 km<\/td>\n<td style=\"width: 106.167px; height: 24px; text-align: center;\">3 h<\/td>\n<\/tr>\n<tr style=\"height: 24px;\">\n<td style=\"width: 433.633px; height: 24px;\">Le circuit du Rocher de Zittersheim<\/td>\n<td style=\"width: 132.2px; height: 24px; text-align: center;\">10\u00a0\u00a0\u00a0 km<\/td>\n<td style=\"width: 106.167px; height: 24px; text-align: center;\">3 h<\/td>\n<\/tr>\n<tr style=\"height: 24px;\">\n<td style=\"width: 433.633px; height: 24px;\">Le circuit des Pierres<\/td>\n<td style=\"width: 132.2px; height: 24px; text-align: center;\">15\u00a0\u00a0\u00a0 km<\/td>\n<td style=\"width: 106.167px; height: 24px; text-align: center;\">4 h 30<\/td>\n<\/tr>\n<tr style=\"height: 24px;\">\n<td style=\"width: 433.633px; height: 24px;\">Le sentier des Ch\u00e2taigniers<\/td>\n<td style=\"width: 132.2px; height: 24px; text-align: center;\">4,5 km<\/td>\n<td style=\"width: 106.167px; height: 24px; text-align: center;\">1 h 30<\/td>\n<\/tr>\n<tr style=\"height: 24px;\">\n<td style=\"width: 433.633px; height: 24px;\">Le circuit de la Pierre des Douze Ap\u00f4tres<\/td>\n<td style=\"width: 132.2px; height: 24px; text-align: center;\">15\u00a0\u00a0\u00a0 km<\/td>\n<td style=\"width: 106.167px; height: 24px; text-align: center;\">4 h 30<\/td>\n<\/tr>\n<tr style=\"height: 24px;\">\n<td style=\"width: 433.633px; height: 24px;\">Le\u00a0 circuit Lichtenberg &#8211; Reipertswiller<\/td>\n<td style=\"width: 132.2px; height: 24px; text-align: center;\">15,7 km<\/td>\n<td style=\"width: 106.167px; height: 24px; text-align: center;\">4 h 30<\/td>\n<\/tr>\n<tr style=\"height: 24px;\">\n<td style=\"width: 433.633px; height: 24px;\">Le circuit de l\u2019Englishberg<\/td>\n<td style=\"width: 132.2px; height: 24px; text-align: center;\">15\u00a0\u00a0\u00a0 km<\/td>\n<td style=\"width: 106.167px; height: 24px; text-align: center;\">4 h 30<\/td>\n<\/tr>\n<tr style=\"height: 24px;\">\n<td style=\"width: 433.633px; height: 24px;\">Le circuit de Puberg<\/td>\n<td style=\"width: 132.2px; height: 24px; text-align: center;\">10\u00a0\u00a0\u00a0 km<\/td>\n<td style=\"width: 106.167px; height: 24px; text-align: center;\">3 h<\/td>\n<\/tr>\n<\/tbody>\n<\/table>\n","protected":false},"excerpt":{"rendered":"<p>\u00a0 17 circuits p\u00e9destres ( 230 km ) \u2026 Circuits balis\u00e9s qui jalonnent les sites patrimoniaux, curiosit\u00e9s et attraits touristiques de La Petite Pierre et des environs, circuits dont chacun a sa th\u00e9matique bien propre et sp\u00e9cifique. Marcheurs et v\u00e9t\u00e9tistes se respectent mutuellement dans un cadre pittoresque et authentique, loin de toute agitation. D\u00e9butants et&hellip;<\/p>\n","protected":false},"author":1,"featured_media":0,"parent":0,"menu_order":0,"comment_status":"closed","ping_status":"closed","template":"","meta":{"footnotes":""},"_links":{"self":[{"href":"https:\/\/clubvosgien-lapetitepierre.com\/index.php\/wp-json\/wp\/v2\/pages\/323"}],"collection":[{"href":"https:\/\/clubvosgien-lapetitepierre.com\/index.php\/wp-json\/wp\/v2\/pages"}],"about":[{"href":"https:\/\/clubvosgien-lapetitepierre.com\/index.php\/wp-json\/wp\/v2\/types\/page"}],"author":[{"embeddable":true,"href":"https:\/\/clubvosgien-lapetitepierre.com\/index.php\/wp-json\/wp\/v2\/users\/1"}],"replies":[{"embeddable":true,"href":"https:\/\/clubvosgien-lapetitepierre.com\/index.php\/wp-json\/wp\/v2\/comments?post=323"}],"version-history":[{"count":15,"href":"https:\/\/clubvosgien-lapetitepierre.com\/index.php\/wp-json\/wp\/v2\/pages\/323\/revisions"}],"predecessor-version":[{"id":501,"href":"https:\/\/clubvosgien-lapetitepierre.com\/index.php\/wp-json\/wp\/v2\/pages\/323\/revisions\/501"}],"wp:attachment":[{"href":"https:\/\/clubvosgien-lapetitepierre.com\/index.php\/wp-json\/wp\/v2\/media?parent=323"}],"curies":[{"name":"wp","href":"https:\/\/api.w.org\/{rel}","templated":true}]}}