{"id":173,"date":"2019-02-14T10:56:15","date_gmt":"2019-02-14T10:56:15","guid":{"rendered":"http:\/\/clubvosgien.com\/?page_id=173"},"modified":"2023-08-12T11:15:13","modified_gmt":"2023-08-12T09:15:13","slug":"pages-dacceuil-2","status":"publish","type":"page","link":"https:\/\/clubvosgien-lapetitepierre.com\/","title":{"rendered":"Le Club Vosgien de La Petite-Pierre vous souhaite la bienvenue dans son territoire riche o\u00f9 se m\u00ealent nature et culture"},"content":{"rendered":"<p class=\"has-medium-font-size\" style=\"text-align: center;\"><em><span style=\"font-size: 14pt;\"><strong>La Petite-Pierre et ses alentours sont situ\u00e9s au carrefour de routes\u00a0<\/strong><strong>emprunt\u00e9es d\u00e8s l\u2019\u00e9poque celtique.<\/strong><\/span><\/em><\/p>\n<p style=\"text-align: left;\"><em><span style=\"font-size: 14pt;\"><strong><!-- \/wp:paragraph --><\/strong><\/span><\/em><\/p>\n<p style=\"text-align: left;\"><em><span style=\"font-size: 14pt;\"><strong><!-- wp:paragraph {\"fontSize\":\"medium\"} --><\/strong><\/span><\/em><\/p>\n<p class=\"has-medium-font-size\" style=\"text-align: left;\"><em><span style=\"font-size: 14pt;\"><strong>Le gr\u00e8s et les for\u00eats fa\u00e7onnent un paysage propice au calme et au\u00a0<\/strong><strong>ressourcement, au c\u0153ur m\u00eame du Parc naturel r\u00e9gional des Vosges du\u00a0<\/strong><strong>Nord, territoire class\u00e9 R\u00e9serve Mondiale de la Biosph\u00e8re par\u00a0<\/strong><strong>l\u2019UNESCO.<\/strong><\/span><\/em><\/p>\n<p style=\"text-align: left;\"><em><span style=\"font-size: 14pt;\"><strong><!-- \/wp:paragraph --><\/strong><\/span><\/em><\/p>\n<p style=\"text-align: left;\"><em><span style=\"font-size: 14pt;\"><strong><!-- wp:paragraph {\"fontSize\":\"medium\"} --><\/strong><\/span><\/em><\/p>\n<p class=\"has-medium-font-size\" style=\"text-align: left;\"><em><span style=\"font-size: 14pt;\"><strong>Les activit\u00e9s que nous vous proposons s\u2019articulent autour de la\u00a0<\/strong><strong>nature pour vous permettre de faire le plein d\u2019oxyg\u00e8ne.<\/strong><\/span><\/em><\/p>\n<p style=\"text-align: left;\"><em><span style=\"font-size: 14pt;\"><strong><!-- \/wp:paragraph --><\/strong><\/span><\/em><\/p>\n<p style=\"text-align: left;\"><em><span style=\"font-size: 14pt;\"><strong><!-- wp:paragraph {\"fontSize\":\"medium\"} --><\/strong><\/span><\/em><\/p>\n<p class=\"has-medium-font-size\" style=\"text-align: left;\"><em><span style=\"font-size: 14pt;\"><strong>Nous vous proposons :<\/strong><\/span><\/em><\/p>\n<p style=\"text-align: left;\"><em><span style=\"font-size: 14pt;\"><strong><!-- \/wp:paragraph --><\/strong><\/span><\/em><\/p>\n<p style=\"text-align: left;\"><em><span style=\"font-size: 14pt;\"><strong><!-- wp:list --><\/strong><\/span><\/em><\/p>\n\n<ul style=\"text-align: left;\">\n \t<li><em><span style=\"font-size: 14pt;\"><strong>une large gamme de sentiers s\u2019adressant aux familles comme aux\u00a0<\/strong><strong>randonneurs chevronn\u00e9s. Plus de 350 Km de chemins balis\u00e9s,\u00a0<\/strong><strong>serpentent \u00e0 travers des for\u00eats giboyeuses. Des cartes de\u00a0<\/strong><strong>randonn\u00e9es (1\/25.000 et 1\/50.000) sont en vente \u00e0 l\u2019Office de\u00a0<\/strong><strong>Tourisme et \u00e0 la boutique Loc&rsquo;Bike &amp; Trot (carte TOP25 3714ET).<\/strong><\/span><\/em><\/li>\n<\/ul>\n<p style=\"text-align: left;\"><em><span style=\"font-size: 14pt;\"><strong><!-- \/wp:list --><\/strong><\/span><\/em><\/p>\n<p style=\"text-align: left;\"><em><span style=\"font-size: 14pt;\"><strong><!-- wp:list --><\/strong><\/span><\/em><\/p>\n\n<ul style=\"text-align: left;\">\n \t<li><em><span style=\"font-size: 14pt;\"><strong>8 circuits VTT balis\u00e9s, en boucle, au d\u00e9part de l\u2019Office de\u00a0<\/strong><strong>Tourisme Intercommunal du Pays de Hanau-La Petite-Pierre, vous\u00a0<\/strong><strong>m\u00e8nent \u00e0 travers les villages des environs. <\/strong><\/span><\/em><\/li>\n<\/ul>\n<p style=\"text-align: left;\"><em><span style=\"font-size: 14pt;\"><strong><!-- \/wp:list --><\/strong><\/span><\/em><\/p>\n<p style=\"text-align: left;\"><em><span style=\"font-size: 14pt;\"><strong><!-- wp:paragraph {\"fontSize\":\"medium\"} --><\/strong><\/span><\/em><\/p>\n<p class=\"has-medium-font-size\" style=\"text-align: left;\"><em><span style=\"font-size: 14pt;\"><strong>Pour\u00a0<\/strong><strong>s\u2019adapter \u00e0 toute la famille les parcours se d\u00e9clinent en 3\u00a0<\/strong><strong>niveaux : parcours d\u2019initiation, parcours de d\u00e9couverte, parcours\u00a0<\/strong><\/span><strong><span style=\"font-size: 14pt;\">de d\u00e9couverte sportive<\/span>.<\/strong><\/em><\/p>\n\n\n<!-- \/wp:paragraph -->\n\n<!-- wp:paragraph -->\n\n[wpgmza id=\u00a0\u00bb1&Prime;]\n\n<!-- \/wp:paragraph -->","protected":false},"excerpt":{"rendered":"<p>La Petite-Pierre et ses alentours sont situ\u00e9s au carrefour de routes\u00a0emprunt\u00e9es d\u00e8s l\u2019\u00e9poque celtique. Le gr\u00e8s et les for\u00eats fa\u00e7onnent un paysage propice au calme et au\u00a0ressourcement, au c\u0153ur m\u00eame du Parc naturel r\u00e9gional des Vosges du\u00a0Nord, territoire class\u00e9 R\u00e9serve Mondiale de la Biosph\u00e8re par\u00a0l\u2019UNESCO. Les activit\u00e9s que nous vous proposons s\u2019articulent autour de la\u00a0nature&hellip;<\/p>\n","protected":false},"author":1,"featured_media":0,"parent":0,"menu_order":0,"comment_status":"closed","ping_status":"closed","template":"","meta":{"footnotes":""},"_links":{"self":[{"href":"https:\/\/clubvosgien-lapetitepierre.com\/index.php\/wp-json\/wp\/v2\/pages\/173"}],"collection":[{"href":"https:\/\/clubvosgien-lapetitepierre.com\/index.php\/wp-json\/wp\/v2\/pages"}],"about":[{"href":"https:\/\/clubvosgien-lapetitepierre.com\/index.php\/wp-json\/wp\/v2\/types\/page"}],"author":[{"embeddable":true,"href":"https:\/\/clubvosgien-lapetitepierre.com\/index.php\/wp-json\/wp\/v2\/users\/1"}],"replies":[{"embeddable":true,"href":"https:\/\/clubvosgien-lapetitepierre.com\/index.php\/wp-json\/wp\/v2\/comments?post=173"}],"version-history":[{"count":12,"href":"https:\/\/clubvosgien-lapetitepierre.com\/index.php\/wp-json\/wp\/v2\/pages\/173\/revisions"}],"predecessor-version":[{"id":1369,"href":"https:\/\/clubvosgien-lapetitepierre.com\/index.php\/wp-json\/wp\/v2\/pages\/173\/revisions\/1369"}],"wp:attachment":[{"href":"https:\/\/clubvosgien-lapetitepierre.com\/index.php\/wp-json\/wp\/v2\/media?parent=173"}],"curies":[{"name":"wp","href":"https:\/\/api.w.org\/{rel}","templated":true}]}}