{"id":1343,"date":"2023-08-12T10:30:41","date_gmt":"2023-08-12T08:30:41","guid":{"rendered":"https:\/\/clubvosgien-lapetitepierre.com\/?page_id=1343"},"modified":"2023-08-12T11:07:22","modified_gmt":"2023-08-12T09:07:22","slug":"section-trail-les-petites-paskets","status":"publish","type":"page","link":"https:\/\/clubvosgien-lapetitepierre.com\/index.php\/section-trail-les-petites-paskets\/","title":{"rendered":"Section trail : Les Petites Paskets"},"content":{"rendered":"\n\n\n<p><img loading=\"lazy\" decoding=\"async\" class=\"alignnone size-medium wp-image-1363\" src=\"https:\/\/clubvosgien-lapetitepierre.com\/wp-content\/uploads\/2023\/08\/IMG_62261-300x225.jpg\" alt=\"\" width=\"300\" height=\"225\" srcset=\"https:\/\/clubvosgien-lapetitepierre.com\/wp-content\/uploads\/2023\/08\/IMG_62261-300x225.jpg 300w, https:\/\/clubvosgien-lapetitepierre.com\/wp-content\/uploads\/2023\/08\/IMG_62261-768x576.jpg 768w, https:\/\/clubvosgien-lapetitepierre.com\/wp-content\/uploads\/2023\/08\/IMG_62261-120x90.jpg 120w, https:\/\/clubvosgien-lapetitepierre.com\/wp-content\/uploads\/2023\/08\/IMG_62261.jpg 800w\" sizes=\"(max-width: 300px) 100vw, 300px\" \/><\/p>\n<p>Le club propose des s\u00e9ances trail un jeudi sur deux (jeudis des semaines impaires) : RDV \u00e0 18h devant la boutique Loc\u2019Bike and Trot<\/p>\n<p>Renseignements : par mail \u00e0 <a href=\"mailto:clubvosgien.lpp@gmail.com\">clubvosgien.lpp@gmail.com<\/a> ou par t\u00e9l\u00e9phone au 06 47 06 88 39<\/p>\n<p>\u00a0<\/p>\n<p><span style=\"color: #ff0000;\"><strong>A noter :<\/strong><\/span><\/p>\n<p>8 octobre 2023 :<span style=\"color: #000000;\"> Trail <\/span>des 3 rochers<\/p>\n<p>14km d\u00e9part 10h<\/p>\n<p>28km d\u00e9part 9h<\/p>\n<p>Inscription en ligne sur sporkrono<\/p>\n","protected":false},"excerpt":{"rendered":"<p>Le club propose des s\u00e9ances trail un jeudi sur deux (jeudis des semaines impaires) : RDV \u00e0 18h devant la boutique Loc\u2019Bike and Trot Renseignements : par mail \u00e0 clubvosgien.lpp@gmail.com ou par t\u00e9l\u00e9phone au 06 47 06 88 39 \u00a0 A noter : 8 octobre 2023 : Trail des 3 rochers 14km d\u00e9part 10h 28km&hellip;<\/p>\n","protected":false},"author":1,"featured_media":0,"parent":0,"menu_order":0,"comment_status":"closed","ping_status":"closed","template":"","meta":{"footnotes":""},"_links":{"self":[{"href":"https:\/\/clubvosgien-lapetitepierre.com\/index.php\/wp-json\/wp\/v2\/pages\/1343"}],"collection":[{"href":"https:\/\/clubvosgien-lapetitepierre.com\/index.php\/wp-json\/wp\/v2\/pages"}],"about":[{"href":"https:\/\/clubvosgien-lapetitepierre.com\/index.php\/wp-json\/wp\/v2\/types\/page"}],"author":[{"embeddable":true,"href":"https:\/\/clubvosgien-lapetitepierre.com\/index.php\/wp-json\/wp\/v2\/users\/1"}],"replies":[{"embeddable":true,"href":"https:\/\/clubvosgien-lapetitepierre.com\/index.php\/wp-json\/wp\/v2\/comments?post=1343"}],"version-history":[{"count":2,"href":"https:\/\/clubvosgien-lapetitepierre.com\/index.php\/wp-json\/wp\/v2\/pages\/1343\/revisions"}],"predecessor-version":[{"id":1364,"href":"https:\/\/clubvosgien-lapetitepierre.com\/index.php\/wp-json\/wp\/v2\/pages\/1343\/revisions\/1364"}],"wp:attachment":[{"href":"https:\/\/clubvosgien-lapetitepierre.com\/index.php\/wp-json\/wp\/v2\/media?parent=1343"}],"curies":[{"name":"wp","href":"https:\/\/api.w.org\/{rel}","templated":true}]}}