{"id":1341,"date":"2023-08-12T10:27:56","date_gmt":"2023-08-12T08:27:56","guid":{"rendered":"https:\/\/clubvosgien-lapetitepierre.com\/?page_id=1341"},"modified":"2023-08-12T11:09:34","modified_gmt":"2023-08-12T09:09:34","slug":"section-marche-les-petits-pas","status":"publish","type":"page","link":"https:\/\/clubvosgien-lapetitepierre.com\/index.php\/section-marche-les-petits-pas\/","title":{"rendered":"Section Marche : Les Petits Pas"},"content":{"rendered":"\n\n<p><img loading=\"lazy\" decoding=\"async\" class=\"alignnone size-medium wp-image-1365\" src=\"https:\/\/clubvosgien-lapetitepierre.com\/wp-content\/uploads\/2023\/08\/Resized_20230129_091849-300x300.jpg\" alt=\"\" width=\"300\" height=\"300\" srcset=\"https:\/\/clubvosgien-lapetitepierre.com\/wp-content\/uploads\/2023\/08\/Resized_20230129_091849-300x300.jpg 300w, https:\/\/clubvosgien-lapetitepierre.com\/wp-content\/uploads\/2023\/08\/Resized_20230129_091849-150x150.jpg 150w, https:\/\/clubvosgien-lapetitepierre.com\/wp-content\/uploads\/2023\/08\/Resized_20230129_091849.jpg 720w\" sizes=\"(max-width: 300px) 100vw, 300px\" \/><\/p>\n<p>En plus des \u00e9v\u00e8nements pr\u00e9vus au programme, nous proposons des randonn\u00e9es p\u00e9destres tous les mercredis apr\u00e8s-midi (renseignements au 06 42 15 57 50)<\/p>","protected":false},"excerpt":{"rendered":"<p>En plus des \u00e9v\u00e8nements pr\u00e9vus au programme, nous proposons des randonn\u00e9es p\u00e9destres tous les mercredis apr\u00e8s-midi (renseignements au 06 42 15 57 50)<\/p>\n","protected":false},"author":1,"featured_media":0,"parent":0,"menu_order":0,"comment_status":"closed","ping_status":"closed","template":"","meta":{"footnotes":""},"_links":{"self":[{"href":"https:\/\/clubvosgien-lapetitepierre.com\/index.php\/wp-json\/wp\/v2\/pages\/1341"}],"collection":[{"href":"https:\/\/clubvosgien-lapetitepierre.com\/index.php\/wp-json\/wp\/v2\/pages"}],"about":[{"href":"https:\/\/clubvosgien-lapetitepierre.com\/index.php\/wp-json\/wp\/v2\/types\/page"}],"author":[{"embeddable":true,"href":"https:\/\/clubvosgien-lapetitepierre.com\/index.php\/wp-json\/wp\/v2\/users\/1"}],"replies":[{"embeddable":true,"href":"https:\/\/clubvosgien-lapetitepierre.com\/index.php\/wp-json\/wp\/v2\/comments?post=1341"}],"version-history":[{"count":2,"href":"https:\/\/clubvosgien-lapetitepierre.com\/index.php\/wp-json\/wp\/v2\/pages\/1341\/revisions"}],"predecessor-version":[{"id":1366,"href":"https:\/\/clubvosgien-lapetitepierre.com\/index.php\/wp-json\/wp\/v2\/pages\/1341\/revisions\/1366"}],"wp:attachment":[{"href":"https:\/\/clubvosgien-lapetitepierre.com\/index.php\/wp-json\/wp\/v2\/media?parent=1341"}],"curies":[{"name":"wp","href":"https:\/\/api.w.org\/{rel}","templated":true}]}}