{"id":129,"date":"2019-02-10T10:18:37","date_gmt":"2019-02-10T10:18:37","guid":{"rendered":"http:\/\/clubvosgien.com\/?page_id=128"},"modified":"2023-08-12T10:36:17","modified_gmt":"2023-08-12T08:36:17","slug":"vtt","status":"publish","type":"page","link":"https:\/\/clubvosgien-lapetitepierre.com\/index.php\/vtt\/","title":{"rendered":"Section VTT : Les Petites P\u00e9dales"},"content":{"rendered":"\n<h2 class=\"wp-block-heading\">VTT \u00e0 La Petite Pierre et environs<\/h2>\n\n\n\n<p>Apr\u00e8s Sarrebourg et St. Avold en Moselle \u2026 La Petite Pierre a \u00e9t\u00e9 la premi\u00e8re commune alsacienne et la 55\u00e8me fran\u00e7aise \u00e0 s\u2019\u00eatre dot\u00e9e d\u2019une <span style=\"color: #008000;\"><strong>Base d\u00e9partementale de VTT<\/strong><\/span>, base labellis\u00e9e par la F\u00e9d\u00e9ration Fran\u00e7aise de Cyclotourisme (FFCT) et inaugur\u00e9e solennellement en Juin 2010 par la Communaut\u00e9 de Communes du Pays de La Petite Pierre, en partenariat avec la Commune de La Petite Pierre, la F\u00e9d\u00e9ration Fran\u00e7aise de Cyclotourisme.<\/p>\n\n\n\n<figure class=\"wp-block-image\"><img loading=\"lazy\" decoding=\"async\" width=\"300\" height=\"225\" src=\"https:\/\/clubvosgien-lapetitepierre.com\/wp-content\/uploads\/2023\/08\/1681019748738-1-300x225.jpeg\" alt=\"\" class=\"wp-image-1348\" srcset=\"https:\/\/clubvosgien-lapetitepierre.com\/wp-content\/uploads\/2023\/08\/1681019748738-1-300x225.jpeg 300w, https:\/\/clubvosgien-lapetitepierre.com\/wp-content\/uploads\/2023\/08\/1681019748738-1-1024x768.jpeg 1024w, https:\/\/clubvosgien-lapetitepierre.com\/wp-content\/uploads\/2023\/08\/1681019748738-1-768x576.jpeg 768w, https:\/\/clubvosgien-lapetitepierre.com\/wp-content\/uploads\/2023\/08\/1681019748738-1-120x90.jpeg 120w, https:\/\/clubvosgien-lapetitepierre.com\/wp-content\/uploads\/2023\/08\/1681019748738-1.jpeg 1290w\" sizes=\"(max-width: 300px) 100vw, 300px\" \/><\/figure>\n\n\n\n<p><strong>Une base VTT c&rsquo;est quoi ?<\/strong><\/p>\n\n\n\n<p>Les bases d\u00e9partementales d\u2019activit\u00e9 VTT de randonn\u00e9e de la F\u00e9d\u00e9ration Fran\u00e7aise de Cyclotourisme vous accueillent partout en France. Les structures labellis\u00e9es \u00ab&nbsp;base VTT&nbsp;\u00bb permettent une pratique s\u00e9curis\u00e9e, confortable et anim\u00e9e pour votre plaisir.<\/p>\n\n\n\n<p>Vous trouverez au Pays de La Petite Pierre&nbsp;:<\/p>\n\n\n\n<ul>\n<li><strong>8 circuits<\/strong> comprenant un total de <strong>150 km<\/strong> de parcours balis\u00e9s adapt\u00e9s \u00e0 tous les niveaux de pratique du VTT.<\/li>\n\n\n\n<li>un <strong>topo-guide<\/strong> reprenant ces circuits (topo-guide en vente \u00e0 l\u2019Office de Tourisme Intercommunal Hanau &#8211; La Petite Pierre 2 a, rue du Ch\u00e2teau \u00e0 La Petite Pierre).<\/li>\n\n\n\n<li>un point d\u2019h\u00e9bergement et de restauration.<\/li>\n\n\n\n<li>des sanitaires.<\/li>\n\n\n\n<li>la <strong>location de VTT<\/strong> se fait \u00e0 La Petite Pierre au magasin \u00abLoc Bike and Trot\u00bb, (<a href=\"https:\/\/www.locbike-trot.fr\/\" target=\"_blank\" rel=\"noopener\">location<\/a>) , 2 rue du Ch\u00e2teau \u00e0 La Petite Pierre. Nouveaut\u00e9, vous pourrez aussi y louer une trottinette \u00e9lectrique adapt\u00e9e \u00e0 nos sentiers.<\/li>\n\n\n\n<li>A c\u00f4t\u00e9, des casier, des douches, un atelier pour vos petites r\u00e9parations et une station de lavage. (en cours de construction par la ComCom)<\/li>\n\n\n\n<li>un calendrier d\u2019animations en tous genres. ( <a href=\"http:\/\/www.ot-paysdelapetitepierre.com\">www.ot-paysdelapetitepierre.com<\/a> )<\/li>\n<\/ul>\n\n\n\n<p class=\"has-text-align-center\"><strong><span style=\"color: #ff0000;\">Le club propose des s\u00e9ances VTT tous les samedis apr\u00e8s-midi : RDV \u00e0 13h45 devant la salle polyvalente de La Petite-Pierre &#8211; ainsi qu&rsquo;un jeudi sur deux (jeudis des semaines paires) : RDV \u00e0 18h \u00e0 la salle polyvalente de La Petite-Pierre<\/span><\/strong><\/p>\n\n\n\n<p class=\"has-text-align-center\"><span style=\"color: #008000; font-size: 14pt;\">Les 8 circuits de la base VTT de La Petite-Pierre :<\/span><\/p>\n\n\n\n<figure class=\"wp-block-table\"><table><tbody><tr><td><strong>Nom du circuit<\/strong><\/td><td><strong>Difficult\u00e9<\/strong><\/td><td><strong>Longueur<\/strong><\/td><td><strong>D\u00e9nivel\u00e9<\/strong><\/td><\/tr><tr><td>Le Petit Poucet<\/td><td>vert<\/td><td>4,4 km<\/td><td>&nbsp; 68 m<\/td><\/tr><tr><td>L\u2019Imsthal<\/td><td>bleu<\/td><td>6,4 km<\/td><td>120 m<\/td><\/tr><tr><td>Le Plateau<\/td><td>bleu<\/td><td>20,4 km<\/td><td>153 m<\/td><\/tr><tr><td>L\u2019Etang du Donnenbach<\/td><td>rouge<\/td><td>16,5 km<\/td><td>242 m<\/td><\/tr><tr><td>Sport &amp; Patrimoine<\/td><td>rouge<\/td><td>43,3 km<\/td><td>477 m<\/td><\/tr><tr><td>Les Maisons des Rochers<\/td><td>rouge<\/td><td>20,2 km<\/td><td>317 m<\/td><\/tr><tr><td>Les Villages<\/td><td>rouge<\/td><td>30,6 km<\/td><td>309 m<\/td><\/tr><tr><td>Le Rocher Blanc<\/td><td>noir<\/td><td>8,2 km<\/td><td>160 m<\/td><\/tr><\/tbody><\/table><\/figure>\n\n\n","protected":false},"excerpt":{"rendered":"<p>VTT \u00e0 La Petite Pierre et environs Apr\u00e8s Sarrebourg et St. Avold en Moselle \u2026 La Petite Pierre a \u00e9t\u00e9 la premi\u00e8re commune alsacienne et la 55\u00e8me fran\u00e7aise \u00e0 s\u2019\u00eatre dot\u00e9e d\u2019une Base d\u00e9partementale de VTT, base labellis\u00e9e par la F\u00e9d\u00e9ration Fran\u00e7aise de Cyclotourisme (FFCT) et inaugur\u00e9e solennellement en Juin 2010 par la Communaut\u00e9 de&hellip;<\/p>\n","protected":false},"author":1,"featured_media":0,"parent":0,"menu_order":0,"comment_status":"closed","ping_status":"closed","template":"","meta":{"footnotes":""},"_links":{"self":[{"href":"https:\/\/clubvosgien-lapetitepierre.com\/index.php\/wp-json\/wp\/v2\/pages\/129"}],"collection":[{"href":"https:\/\/clubvosgien-lapetitepierre.com\/index.php\/wp-json\/wp\/v2\/pages"}],"about":[{"href":"https:\/\/clubvosgien-lapetitepierre.com\/index.php\/wp-json\/wp\/v2\/types\/page"}],"author":[{"embeddable":true,"href":"https:\/\/clubvosgien-lapetitepierre.com\/index.php\/wp-json\/wp\/v2\/users\/1"}],"replies":[{"embeddable":true,"href":"https:\/\/clubvosgien-lapetitepierre.com\/index.php\/wp-json\/wp\/v2\/comments?post=129"}],"version-history":[{"count":17,"href":"https:\/\/clubvosgien-lapetitepierre.com\/index.php\/wp-json\/wp\/v2\/pages\/129\/revisions"}],"predecessor-version":[{"id":1349,"href":"https:\/\/clubvosgien-lapetitepierre.com\/index.php\/wp-json\/wp\/v2\/pages\/129\/revisions\/1349"}],"wp:attachment":[{"href":"https:\/\/clubvosgien-lapetitepierre.com\/index.php\/wp-json\/wp\/v2\/media?parent=129"}],"curies":[{"name":"wp","href":"https:\/\/api.w.org\/{rel}","templated":true}]}}