{"id":128,"date":"2019-02-10T10:17:55","date_gmt":"2019-02-10T10:17:55","guid":{"rendered":"http:\/\/clubvosgien.com\/?page_id=126"},"modified":"2024-05-10T12:18:12","modified_gmt":"2024-05-10T10:18:12","slug":"journees-de-travail","status":"publish","type":"page","link":"https:\/\/clubvosgien-lapetitepierre.com\/index.php\/journees-de-travail\/","title":{"rendered":"Matin\u00e9es de travail (entretien de sentiers)"},"content":{"rendered":"\n<p>Des sentiers nettoy\u00e9s pour des usagers heureux. Un travail au long cours qui se fait chaque 3eme samedi du mois et qui demande des b\u00e9n\u00e9voles motiv\u00e9s&#8230; Vous pouvez nous rejoindre ! (renseignements par mail \u00a0: <a href=\"clubvosgien.lpp@gmail.com\">clubvosgien.lpp@gmail.com<\/a> ou par t\u00e9l\u00e9phone : 06 47 06 88 39)<\/p>\n<p><strong>RDV devant la salle polyvalente de La Petite-Pierre \u00e0 7h45 avec de bonnes chaussures, des gants et des lunettes de s\u00e9curit\u00e9 !<\/strong><\/p>\n<p>Repas et boissons de midi <strong>offerts <\/strong>par le Club Vosgien de La Petite-Pierre.<\/p>\n<p><strong><em>Les dates seront en plus diffus\u00e9es sur les r\u00e9seaux sociaux du club (Instagram et Facebook)<\/em><\/strong><\/p>\n","protected":false},"excerpt":{"rendered":"<p>Des sentiers nettoy\u00e9s pour des usagers heureux. Un travail au long cours qui se fait chaque 3eme samedi du mois et qui demande des b\u00e9n\u00e9voles motiv\u00e9s&#8230; Vous pouvez nous rejoindre ! (renseignements par mail \u00a0: clubvosgien.lpp@gmail.com ou par t\u00e9l\u00e9phone : 06 47 06 88 39) RDV devant la salle polyvalente de La Petite-Pierre \u00e0 7h45&hellip;<\/p>\n","protected":false},"author":1,"featured_media":1288,"parent":0,"menu_order":4,"comment_status":"closed","ping_status":"closed","template":"","meta":{"footnotes":""},"_links":{"self":[{"href":"https:\/\/clubvosgien-lapetitepierre.com\/index.php\/wp-json\/wp\/v2\/pages\/128"}],"collection":[{"href":"https:\/\/clubvosgien-lapetitepierre.com\/index.php\/wp-json\/wp\/v2\/pages"}],"about":[{"href":"https:\/\/clubvosgien-lapetitepierre.com\/index.php\/wp-json\/wp\/v2\/types\/page"}],"author":[{"embeddable":true,"href":"https:\/\/clubvosgien-lapetitepierre.com\/index.php\/wp-json\/wp\/v2\/users\/1"}],"replies":[{"embeddable":true,"href":"https:\/\/clubvosgien-lapetitepierre.com\/index.php\/wp-json\/wp\/v2\/comments?post=128"}],"version-history":[{"count":14,"href":"https:\/\/clubvosgien-lapetitepierre.com\/index.php\/wp-json\/wp\/v2\/pages\/128\/revisions"}],"predecessor-version":[{"id":1426,"href":"https:\/\/clubvosgien-lapetitepierre.com\/index.php\/wp-json\/wp\/v2\/pages\/128\/revisions\/1426"}],"wp:featuredmedia":[{"embeddable":true,"href":"https:\/\/clubvosgien-lapetitepierre.com\/index.php\/wp-json\/wp\/v2\/media\/1288"}],"wp:attachment":[{"href":"https:\/\/clubvosgien-lapetitepierre.com\/index.php\/wp-json\/wp\/v2\/media?parent=128"}],"curies":[{"name":"wp","href":"https:\/\/api.w.org\/{rel}","templated":true}]}}